{"id":6721,"date":"2026-02-13T13:31:10","date_gmt":"2026-02-13T11:31:10","guid":{"rendered":"https:\/\/opptica.eu\/?page_id=6721"},"modified":"2026-03-11T13:02:45","modified_gmt":"2026-03-11T11:02:45","slug":"medical-vacuum-suction-equipment","status":"publish","type":"page","link":"https:\/\/opptica.eu\/lv\/medical-vacuum-suction-equipment\/","title":{"rendered":"Medic\u012bniskais vakuuma un s\u016bk\u0161anas apr\u012bkojums"},"content":{"rendered":"<div data-elementor-type=\"wp-page\" data-elementor-id=\"6721\" class=\"elementor elementor-6721\">\n\t\t\t\t\t\t<section class=\"elementor-section elementor-top-section elementor-element elementor-element-98cf969 elementor-section-height-min-height elementor-section-boxed elementor-section-height-default elementor-section-items-middle\" data-id=\"98cf969\" data-element_type=\"section\" data-e-type=\"section\" data-settings=\"{&quot;background_background&quot;:&quot;classic&quot;}\">\n\t\t\t\t\t\t\t<div class=\"elementor-background-overlay\"><\/div>\n\t\t\t\t\t\t\t<div class=\"elementor-container elementor-column-gap-default\">\n\t\t\t\t\t<div class=\"elementor-column elementor-col-100 elementor-top-column elementor-element elementor-element-931da8f\" data-id=\"931da8f\" data-element_type=\"column\" data-e-type=\"column\">\n\t\t\t<div class=\"elementor-widget-wrap elementor-element-populated\">\n\t\t\t\t\t\t<div class=\"elementor-element elementor-element-cbd2a89 elementor-widget__width-inherit elementor-widget-tablet__width-initial elementor-widget-mobile__width-initial elementor-widget elementor-widget-heading\" data-id=\"cbd2a89\" data-element_type=\"widget\" data-e-type=\"widget\" data-widget_type=\"heading.default\">\n\t\t\t\t<div class=\"elementor-widget-container\">\n\t\t\t\t\t<h1 class=\"elementor-heading-title elementor-size-default\">Medic\u012bniskais vakuuma un s\u016bk\u0161anas apr\u012bkojums<\/h1>\t\t\t\t<\/div>\n\t\t\t\t<\/div>\n\t\t\t\t\t<\/div>\n\t\t<\/div>\n\t\t\t\t\t<\/div>\n\t\t<\/section>\n\t\t\t\t<section class=\"elementor-section elementor-top-section elementor-element elementor-element-c308d75 elementor-section-boxed elementor-section-height-default elementor-section-height-default\" data-id=\"c308d75\" data-element_type=\"section\" data-e-type=\"section\">\n\t\t\t\t\t\t<div class=\"elementor-container elementor-column-gap-default\">\n\t\t\t\t\t<div class=\"elementor-column elementor-col-100 elementor-top-column elementor-element elementor-element-e607936\" data-id=\"e607936\" data-element_type=\"column\" data-e-type=\"column\">\n\t\t\t<div class=\"elementor-widget-wrap elementor-element-populated\">\n\t\t\t\t\t\t<div class=\"elementor-element elementor-element-f641765 elementor-widget elementor-widget-elementskit-heading\" data-id=\"f641765\" data-element_type=\"widget\" data-e-type=\"widget\" data-widget_type=\"elementskit-heading.default\">\n\t\t\t\t<div class=\"elementor-widget-container\">\n\t\t\t\t\t<div class=\"ekit-wid-con\" ><div class=\"ekit-heading elementskit-section-title-wraper center   ekit_heading_tablet-   ekit_heading_mobile-\"><h1 class=\"ekit-heading--title elementskit-section-title\">ATMOS<\/h1>\t\t\t\t<div class='ekit-heading__description'>\n\t\t\t\t\t<p>OPPTICA pied\u0101v\u0101 ATMOS medic\u012bniskos vakuuma un s\u016bk\u0161anas risin\u0101jumus \u2014 izstr\u0101d\u0101tus, lai nodro\u0161in\u0101tu jaud\u012bgu veiktsp\u0113ju, uzticam\u012bbu un maksim\u0101lu dro\u0161\u012bbu da\u017e\u0101du medic\u012bnisko procesu veik\u0161anai. Ar gadu desmitiem ilgu pieredzi v\u0101cu medic\u012bnas in\u017eenierij\u0101, ATMOS izstr\u0101d\u0101 augstas kvalit\u0101tes aspiratorus un vakuuma sist\u0113mas, kas rad\u012btas, lai atbilstu stingraj\u0101m profesion\u0101las kl\u012bnisk\u0101s vides pras\u012bb\u0101m.<\/p>\n<p>ATMOS kl\u0101stu raksturo da\u017e\u0101das p\u0101rn\u0113s\u0101jamas un stacion\u0101ras s\u016bk\u0161anas ier\u012bces, kas ir atz\u012btas to intuit\u012bv\u0101s vad\u012bbas, klus\u0101s darb\u012bbas un modern\u0101s aizsardz\u012bbas pret p\u0101rpl\u016bdi d\u0113\u013c. \u0160\u012bs sist\u0113mas ir rad\u012btas ilgm\u016b\u017e\u012bbai un augstiem higi\u0113nas standartiem \u2014 t\u0101m ir viegli kopjamas virsmas un ergonomisks dizains, kas nodro\u0161ina \u0113rtu lieto\u0161anu un nemain\u012bgu vakuuma jaudas uzticam\u012bbu katras proced\u016bras laik\u0101.<\/p>\n<p>Izv\u0113lieties ATMOS, lai apr\u012bkotu savu iest\u0101di ar profesion\u0101l\u0101m, augstas veiktsp\u0113jas vakuuma tehnolo\u0123ij\u0101m, kas paaugstina darba precizit\u0101ti un garant\u0113 stabilu veiktsp\u0113ju.<\/p>\n\t\t\t\t<\/div>\n\t\t\t<div class=\"ekit_heading_separetor_wraper ekit_heading_elementskit-border-divider elementskit-style-long\"><div class=\"elementskit-border-divider elementskit-style-long\"><\/div><\/div><\/div><\/div>\t\t\t\t<\/div>\n\t\t\t\t<\/div>\n\t\t\t\t\t<\/div>\n\t\t<\/div>\n\t\t\t\t\t<\/div>\n\t\t<\/section>\n\t\t\t\t<section class=\"elementor-section elementor-top-section elementor-element elementor-element-7418ffe elementor-section-boxed elementor-section-height-default elementor-section-height-default\" data-id=\"7418ffe\" data-element_type=\"section\" data-e-type=\"section\">\n\t\t\t\t\t\t<div class=\"elementor-container elementor-column-gap-default\">\n\t\t\t\t\t<div class=\"elementor-column elementor-col-100 elementor-top-column elementor-element elementor-element-afb00fb\" data-id=\"afb00fb\" data-element_type=\"column\" data-e-type=\"column\">\n\t\t\t<div class=\"elementor-widget-wrap elementor-element-populated\">\n\t\t\t\t\t\t<div class=\"elementor-element elementor-element-8fd1968 elementor-widget elementor-widget-shortcode\" data-id=\"8fd1968\" data-element_type=\"widget\" data-e-type=\"widget\" data-widget_type=\"shortcode.default\">\n\t\t\t\t<div class=\"elementor-widget-container\">\n\t\t\t\t\t\t\t<div class=\"elementor-shortcode\"><div class=\"_df_book df-lite\" id=\"df_6723\"  _slug=\"atmos-sukni-plasam-lietojumam\" data-title=\"atmos-sukni-plasam-lietojumam\" wpoptions=\"true\" thumbtype=\"\" ><\/div><script class=\"df-shortcode-script\" nowprocket type=\"application\/javascript\">window.option_df_6723 = {\"outline\":[],\"autoEnableOutline\":\"false\",\"autoEnableThumbnail\":\"false\",\"overwritePDFOutline\":\"false\",\"direction\":\"1\",\"pageSize\":\"0\",\"source\":\"https:\\\/\\\/opptica.eu\\\/wp-content\\\/uploads\\\/LABOTS-febr-2026-ATMOS-KATALOGS-SUKNI-1.pdf\",\"wpOptions\":\"true\"}; if(window.DFLIP && window.DFLIP.parseBooks){window.DFLIP.parseBooks();}<\/script><\/div>\n\t\t\t\t\t\t<\/div>\n\t\t\t\t<\/div>\n\t\t\t\t\t<\/div>\n\t\t<\/div>\n\t\t\t\t\t<\/div>\n\t\t<\/section>\n\t\t\t\t<section class=\"elementor-section elementor-top-section elementor-element elementor-element-18fe123 elementor-section-boxed elementor-section-height-default elementor-section-height-default\" data-id=\"18fe123\" data-element_type=\"section\" data-e-type=\"section\">\n\t\t\t\t\t\t<div class=\"elementor-container elementor-column-gap-default\">\n\t\t\t\t\t<div class=\"elementor-column elementor-col-100 elementor-top-column elementor-element elementor-element-7276e76\" data-id=\"7276e76\" data-element_type=\"column\" data-e-type=\"column\">\n\t\t\t<div class=\"elementor-widget-wrap elementor-element-populated\">\n\t\t\t\t\t\t<div class=\"elementor-element elementor-element-39142c8 elementor-align-right elementor-widget elementor-widget-button\" data-id=\"39142c8\" data-element_type=\"widget\" data-e-type=\"widget\" data-widget_type=\"button.default\">\n\t\t\t\t<div class=\"elementor-widget-container\">\n\t\t\t\t\t\t\t\t\t<div class=\"elementor-button-wrapper\">\n\t\t\t\t\t<a class=\"elementor-button elementor-button-link elementor-size-sm\" href=\"https:\/\/opptica.eu\/lv\/contact-us\/\">\n\t\t\t\t\t\t<span class=\"elementor-button-content-wrapper\">\n\t\t\t\t\t\t\t\t\t<span class=\"elementor-button-text\">Piepras\u012bt vair\u0101k inform\u0101cijas<\/span>\n\t\t\t\t\t<\/span>\n\t\t\t\t\t<\/a>\n\t\t\t\t<\/div>\n\t\t\t\t\t\t\t\t<\/div>\n\t\t\t\t<\/div>\n\t\t\t\t\t<\/div>\n\t\t<\/div>\n\t\t\t\t\t<\/div>\n\t\t<\/section>\n\t\t\t\t<\/div>","protected":false},"excerpt":{"rendered":"<p>Medical Vacuum &amp; Suction Equipment ATMOS OPPTICA offers ATMOS medical vacuum and suction solutions \u2014 engineered to deliver powerful performance, reliability, and maximum safety for various medical applications. With decades &#8230;<\/p>","protected":false},"author":7,"featured_media":0,"parent":0,"menu_order":0,"comment_status":"closed","ping_status":"closed","template":"","meta":{"footnotes":""},"class_list":["post-6721","page","type-page","status-publish","hentry"],"_links":{"self":[{"href":"https:\/\/opptica.eu\/lv\/wp-json\/wp\/v2\/pages\/6721","targetHints":{"allow":["GET"]}}],"collection":[{"href":"https:\/\/opptica.eu\/lv\/wp-json\/wp\/v2\/pages"}],"about":[{"href":"https:\/\/opptica.eu\/lv\/wp-json\/wp\/v2\/types\/page"}],"author":[{"embeddable":true,"href":"https:\/\/opptica.eu\/lv\/wp-json\/wp\/v2\/users\/7"}],"replies":[{"embeddable":true,"href":"https:\/\/opptica.eu\/lv\/wp-json\/wp\/v2\/comments?post=6721"}],"version-history":[{"count":8,"href":"https:\/\/opptica.eu\/lv\/wp-json\/wp\/v2\/pages\/6721\/revisions"}],"predecessor-version":[{"id":6737,"href":"https:\/\/opptica.eu\/lv\/wp-json\/wp\/v2\/pages\/6721\/revisions\/6737"}],"wp:attachment":[{"href":"https:\/\/opptica.eu\/lv\/wp-json\/wp\/v2\/media?parent=6721"}],"curies":[{"name":"wp","href":"https:\/\/api.w.org\/{rel}","templated":true}]}}