{"id":6707,"date":"2026-02-13T13:11:02","date_gmt":"2026-02-13T11:11:02","guid":{"rendered":"https:\/\/opptica.eu\/?page_id=6707"},"modified":"2026-03-11T13:01:47","modified_gmt":"2026-03-11T11:01:47","slug":"gynaecology-equipment","status":"publish","type":"page","link":"https:\/\/opptica.eu\/lv\/gynaecology-equipment\/","title":{"rendered":"Ginekolo\u0123ijas apr\u012bkojums"},"content":{"rendered":"<div data-elementor-type=\"wp-page\" data-elementor-id=\"6707\" class=\"elementor elementor-6707\">\n\t\t\t\t\t\t<section class=\"elementor-section elementor-top-section elementor-element elementor-element-bb74129 elementor-section-height-min-height elementor-section-boxed elementor-section-height-default elementor-section-items-middle\" data-id=\"bb74129\" data-element_type=\"section\" data-e-type=\"section\" data-settings=\"{&quot;background_background&quot;:&quot;classic&quot;}\">\n\t\t\t\t\t\t\t<div class=\"elementor-background-overlay\"><\/div>\n\t\t\t\t\t\t\t<div class=\"elementor-container elementor-column-gap-default\">\n\t\t\t\t\t<div class=\"elementor-column elementor-col-100 elementor-top-column elementor-element elementor-element-208f588\" data-id=\"208f588\" data-element_type=\"column\" data-e-type=\"column\">\n\t\t\t<div class=\"elementor-widget-wrap elementor-element-populated\">\n\t\t\t\t\t\t<div class=\"elementor-element elementor-element-2534e18 elementor-widget__width-inherit elementor-widget-tablet__width-initial elementor-widget-mobile__width-initial elementor-widget elementor-widget-heading\" data-id=\"2534e18\" data-element_type=\"widget\" data-e-type=\"widget\" data-widget_type=\"heading.default\">\n\t\t\t\t<div class=\"elementor-widget-container\">\n\t\t\t\t\t<h1 class=\"elementor-heading-title elementor-size-default\">Ginekolo\u0123ijas apr\u012bkojums<\/h1>\t\t\t\t<\/div>\n\t\t\t\t<\/div>\n\t\t\t\t\t<\/div>\n\t\t<\/div>\n\t\t\t\t\t<\/div>\n\t\t<\/section>\n\t\t\t\t<section class=\"elementor-section elementor-top-section elementor-element elementor-element-a97e67e elementor-section-boxed elementor-section-height-default elementor-section-height-default\" data-id=\"a97e67e\" data-element_type=\"section\" data-e-type=\"section\">\n\t\t\t\t\t\t<div class=\"elementor-container elementor-column-gap-default\">\n\t\t\t\t\t<div class=\"elementor-column elementor-col-100 elementor-top-column elementor-element elementor-element-9169784\" data-id=\"9169784\" data-element_type=\"column\" data-e-type=\"column\">\n\t\t\t<div class=\"elementor-widget-wrap elementor-element-populated\">\n\t\t\t\t\t\t<div class=\"elementor-element elementor-element-68e3e71 elementor-widget elementor-widget-elementskit-heading\" data-id=\"68e3e71\" data-element_type=\"widget\" data-e-type=\"widget\" data-widget_type=\"elementskit-heading.default\">\n\t\t\t\t<div class=\"elementor-widget-container\">\n\t\t\t\t\t<div class=\"ekit-wid-con\" ><div class=\"ekit-heading elementskit-section-title-wraper center   ekit_heading_tablet-   ekit_heading_mobile-\"><h1 class=\"ekit-heading--title elementskit-section-title\">ATMOS<\/h1>\t\t\t\t<div class='ekit-heading__description'>\n\t\t\t\t\t<p>OPPTICA pied\u0101v\u0101 augst\u0101k\u0101s klases ATMOS kolposkopijas risin\u0101jumus \u2014 izstr\u0101d\u0101tus, lai nodro\u0161in\u0101tu bezkompromisa optisko kvalit\u0101ti, precizit\u0101ti un skaidr\u012bbu specializ\u0113t\u0101m ginekolo\u0123iskaj\u0101m p\u0101rbaud\u0113m. Ar gadu desmitiem ilgu pieredzi v\u0101cu medic\u012bnas in\u017eenierij\u0101, ATMOS izstr\u0101d\u0101 augstas veiktsp\u0113jas vizualiz\u0101cijas sist\u0113mas, kas nosaka jaunus standartus diagnostikas precizit\u0101t\u0113 un speci\u0101listu ergonomik\u0101.<\/p>\n<p>ATMOS kl\u0101stu raksturo moderna LED apgaismojuma sist\u0113ma, augstas iz\u0161\u0137irtsp\u0113jas optika un integr\u0113tas HD kameru sist\u0113mas, nodro\u0161inot ginekologiem krist\u0101ldzidru att\u0113lu un izcilu asuma dzi\u013cumu. \u0160\u012bs sist\u0113mas ir rad\u012btas intuit\u012bvai lieto\u0161anai un nevainojamai integr\u0101cijai kl\u012bniskaj\u0101 vid\u0113, atvieglojot detaliz\u0113tu izmekl\u0113\u0161anu un dro\u0161u kl\u012bnisko atradumu dokument\u0113\u0161anu.<\/p>\n<p>Izv\u0113lieties ATMOS, lai apr\u012bkotu savu praksi ar pasaules l\u012bme\u0146a optiskaj\u0101m tehnolo\u0123ij\u0101m, kas paaugstina diagnostikas ticam\u012bbu un nodro\u0161ina augst\u0101ko pacientu apr\u016bpes l\u012bmeni, pateicoties izcilai vizualiz\u0101cijai.<\/p>\n\t\t\t\t<\/div>\n\t\t\t<div class=\"ekit_heading_separetor_wraper ekit_heading_elementskit-border-divider elementskit-style-long\"><div class=\"elementskit-border-divider elementskit-style-long\"><\/div><\/div><\/div><\/div>\t\t\t\t<\/div>\n\t\t\t\t<\/div>\n\t\t\t\t\t<\/div>\n\t\t<\/div>\n\t\t\t\t\t<\/div>\n\t\t<\/section>\n\t\t\t\t<section class=\"elementor-section elementor-top-section elementor-element elementor-element-7b54260 elementor-section-boxed elementor-section-height-default elementor-section-height-default\" data-id=\"7b54260\" data-element_type=\"section\" data-e-type=\"section\">\n\t\t\t\t\t\t<div class=\"elementor-container elementor-column-gap-default\">\n\t\t\t\t\t<div class=\"elementor-column elementor-col-100 elementor-top-column elementor-element elementor-element-dda2f3f\" data-id=\"dda2f3f\" data-element_type=\"column\" data-e-type=\"column\">\n\t\t\t<div class=\"elementor-widget-wrap elementor-element-populated\">\n\t\t\t\t\t\t<div class=\"elementor-element elementor-element-458914b elementor-widget elementor-widget-shortcode\" data-id=\"458914b\" data-element_type=\"widget\" data-e-type=\"widget\" data-widget_type=\"shortcode.default\">\n\t\t\t\t<div class=\"elementor-widget-container\">\n\t\t\t\t\t\t\t<div class=\"elementor-shortcode\"><div class=\"_df_book df-lite\" id=\"df_6706\"  _slug=\"kolposkops-displazijas-skriningam-un-kirurgiskam-proceduram\" data-title=\"kolposkops-displazijas-skriningam-un-kirurgiskam-proceduram\" wpoptions=\"true\" thumbtype=\"\" ><\/div><script class=\"df-shortcode-script\" nowprocket type=\"application\/javascript\">window.option_df_6706 = {\"outline\":[],\"autoEnableOutline\":\"false\",\"autoEnableThumbnail\":\"false\",\"overwritePDFOutline\":\"false\",\"direction\":\"1\",\"pageSize\":\"0\",\"source\":\"https:\\\/\\\/opptica.eu\\\/wp-content\\\/uploads\\\/LV-ATMOS-brochure_iViewCOLPO.pdf\",\"wpOptions\":\"true\"}; if(window.DFLIP && window.DFLIP.parseBooks){window.DFLIP.parseBooks();}<\/script><\/div>\n\t\t\t\t\t\t<\/div>\n\t\t\t\t<\/div>\n\t\t\t\t\t<\/div>\n\t\t<\/div>\n\t\t\t\t\t<\/div>\n\t\t<\/section>\n\t\t\t\t<section class=\"elementor-section elementor-top-section elementor-element elementor-element-ab14996 elementor-section-boxed elementor-section-height-default elementor-section-height-default\" data-id=\"ab14996\" data-element_type=\"section\" data-e-type=\"section\">\n\t\t\t\t\t\t<div class=\"elementor-container elementor-column-gap-default\">\n\t\t\t\t\t<div class=\"elementor-column elementor-col-100 elementor-top-column elementor-element elementor-element-1c63dea\" data-id=\"1c63dea\" data-element_type=\"column\" data-e-type=\"column\">\n\t\t\t<div class=\"elementor-widget-wrap elementor-element-populated\">\n\t\t\t\t\t\t<div class=\"elementor-element elementor-element-d0de3f3 elementor-align-right elementor-widget elementor-widget-button\" data-id=\"d0de3f3\" data-element_type=\"widget\" data-e-type=\"widget\" data-widget_type=\"button.default\">\n\t\t\t\t<div class=\"elementor-widget-container\">\n\t\t\t\t\t\t\t\t\t<div class=\"elementor-button-wrapper\">\n\t\t\t\t\t<a class=\"elementor-button elementor-button-link elementor-size-sm\" href=\"https:\/\/opptica.eu\/lv\/contact-us\/\">\n\t\t\t\t\t\t<span class=\"elementor-button-content-wrapper\">\n\t\t\t\t\t\t\t\t\t<span class=\"elementor-button-text\">Piepras\u012bt vair\u0101k inform\u0101cijas<\/span>\n\t\t\t\t\t<\/span>\n\t\t\t\t\t<\/a>\n\t\t\t\t<\/div>\n\t\t\t\t\t\t\t\t<\/div>\n\t\t\t\t<\/div>\n\t\t\t\t\t<\/div>\n\t\t<\/div>\n\t\t\t\t\t<\/div>\n\t\t<\/section>\n\t\t\t\t<\/div>","protected":false},"excerpt":{"rendered":"<p>Gynaecology Equipment ATMOS OPPTICA offers ATMOS colposcopy solutions \u2014 engineered to deliver uncompromising optical quality, precision, and clarity for specialized medical examinations. With decades of expertise in German medical engineering, &#8230;<\/p>","protected":false},"author":7,"featured_media":0,"parent":0,"menu_order":0,"comment_status":"closed","ping_status":"closed","template":"","meta":{"footnotes":""},"class_list":["post-6707","page","type-page","status-publish","hentry"],"_links":{"self":[{"href":"https:\/\/opptica.eu\/lv\/wp-json\/wp\/v2\/pages\/6707","targetHints":{"allow":["GET"]}}],"collection":[{"href":"https:\/\/opptica.eu\/lv\/wp-json\/wp\/v2\/pages"}],"about":[{"href":"https:\/\/opptica.eu\/lv\/wp-json\/wp\/v2\/types\/page"}],"author":[{"embeddable":true,"href":"https:\/\/opptica.eu\/lv\/wp-json\/wp\/v2\/users\/7"}],"replies":[{"embeddable":true,"href":"https:\/\/opptica.eu\/lv\/wp-json\/wp\/v2\/comments?post=6707"}],"version-history":[{"count":8,"href":"https:\/\/opptica.eu\/lv\/wp-json\/wp\/v2\/pages\/6707\/revisions"}],"predecessor-version":[{"id":6734,"href":"https:\/\/opptica.eu\/lv\/wp-json\/wp\/v2\/pages\/6707\/revisions\/6734"}],"wp:attachment":[{"href":"https:\/\/opptica.eu\/lv\/wp-json\/wp\/v2\/media?parent=6707"}],"curies":[{"name":"wp","href":"https:\/\/api.w.org\/{rel}","templated":true}]}}