{"id":6634,"date":"2025-12-10T14:28:52","date_gmt":"2025-12-10T12:28:52","guid":{"rendered":"https:\/\/opptica.eu\/?page_id=6634"},"modified":"2025-12-10T16:39:41","modified_gmt":"2025-12-10T14:39:41","slug":"elementor-6634","status":"publish","type":"page","link":"https:\/\/opptica.eu\/lv\/elementor-6634\/","title":{"rendered":"Oftalmolo\u0123isk\u0101s l\u0101zera sist\u0113mas"},"content":{"rendered":"<div data-elementor-type=\"wp-page\" data-elementor-id=\"6634\" class=\"elementor elementor-6634\">\n\t\t\t\t\t\t<section class=\"elementor-section elementor-top-section elementor-element elementor-element-3338869 elementor-section-height-min-height elementor-section-boxed elementor-section-height-default elementor-section-items-middle\" data-id=\"3338869\" data-element_type=\"section\" data-e-type=\"section\" data-settings=\"{&quot;background_background&quot;:&quot;classic&quot;}\">\n\t\t\t\t\t\t\t<div class=\"elementor-background-overlay\"><\/div>\n\t\t\t\t\t\t\t<div class=\"elementor-container elementor-column-gap-default\">\n\t\t\t\t\t<div class=\"elementor-column elementor-col-100 elementor-top-column elementor-element elementor-element-ea4fb7f\" data-id=\"ea4fb7f\" data-element_type=\"column\" data-e-type=\"column\">\n\t\t\t<div class=\"elementor-widget-wrap elementor-element-populated\">\n\t\t\t\t\t\t<div class=\"elementor-element elementor-element-c327203 elementor-widget__width-inherit elementor-widget-tablet__width-initial elementor-widget-mobile__width-initial elementor-widget elementor-widget-heading\" data-id=\"c327203\" data-element_type=\"widget\" data-e-type=\"widget\" data-widget_type=\"heading.default\">\n\t\t\t\t<div class=\"elementor-widget-container\">\n\t\t\t\t\t<h1 class=\"elementor-heading-title elementor-size-default\">Oftalmolo\u0123isk\u0101s l\u0101zera sist\u0113mas<\/h1>\t\t\t\t<\/div>\n\t\t\t\t<\/div>\n\t\t\t\t\t<\/div>\n\t\t<\/div>\n\t\t\t\t\t<\/div>\n\t\t<\/section>\n\t\t\t\t<section class=\"elementor-section elementor-top-section elementor-element elementor-element-6c99170 elementor-section-boxed elementor-section-height-default elementor-section-height-default\" data-id=\"6c99170\" data-element_type=\"section\" data-e-type=\"section\">\n\t\t\t\t\t\t<div class=\"elementor-container elementor-column-gap-default\">\n\t\t\t\t\t<div class=\"elementor-column elementor-col-100 elementor-top-column elementor-element elementor-element-c7e9e9e\" data-id=\"c7e9e9e\" data-element_type=\"column\" data-e-type=\"column\">\n\t\t\t<div class=\"elementor-widget-wrap elementor-element-populated\">\n\t\t\t\t\t\t<div class=\"elementor-element elementor-element-be9a59f elementor-widget elementor-widget-elementskit-heading\" data-id=\"be9a59f\" data-element_type=\"widget\" data-e-type=\"widget\" data-widget_type=\"elementskit-heading.default\">\n\t\t\t\t<div class=\"elementor-widget-container\">\n\t\t\t\t\t<div class=\"ekit-wid-con\" ><div class=\"ekit-heading elementskit-section-title-wraper center   ekit_heading_tablet-   ekit_heading_mobile-\"><h1 class=\"ekit-heading--title elementskit-section-title\">NORLASE<\/h1>\t\t\t\t<div class='ekit-heading__description'>\n\t\t\t\t\t<p>OPPTICA pied\u0101v\u0101 NORLASE apr\u012bkojumu \u2014 izstr\u0101d\u0101tu, lai padar\u012btu t\u012bklenes l\u0101zera proced\u016bras prec\u012bzas, efekt\u012bvas un \u0113rtas gan \u0101rstiem, gan pacientiem. Norv\u0113\u0123ijas ra\u017eot\u0101js NORLASE att\u012bsta inovat\u012bvas oftalmolo\u0123isk\u0101s l\u0101zera ier\u012bces, nodro\u0161inot modernus risin\u0101jumus gan priv\u0101tpraks\u0113m, gan liel\u0101m redzes apr\u016bpes kl\u012bnik\u0101m.<br \/>OPPTICA nodro\u0161ina pilnu NORLASE sortimentu, tai skait\u0101 piln\u012bb\u0101 integr\u0113to LYNX pattern\u2011scanning l\u0101zera indirekto oftalmoskopu un citas modernas oftalmolo\u0123isk\u0101s l\u0101zera sist\u0113mas. Bezvadu darb\u012bba, ieb\u016bv\u0113t\u0101 baterija un kompaktais, mobilais dizains vienk\u0101r\u0161o kl\u012bniskos procesus un nodro\u0161ina prec\u012bzus, konsekventus \u0101rst\u0113\u0161anas rezult\u0101tus. Ergonomisks dizains, intuit\u012bvas vad\u012bbas un uzticama norv\u0113\u0123u in\u017eenierija pal\u012bdz \u0101rstiem pie\u0146emt p\u0101rliecin\u0101tus l\u0113mumus ikdienas praks\u0113.<br \/>Izv\u0113lieties NORLASE, lai apr\u012bkotu savu praksi ar profesion\u0101lu, viegli lietojamu un ilgm\u016b\u017e\u012bgu l\u0101zera tehnolo\u0123iju, kas uzlabo gan darba efektivit\u0101ti, gan pacientu pieredzi!<\/p>\n\t\t\t\t<\/div>\n\t\t\t<div class=\"ekit_heading_separetor_wraper ekit_heading_elementskit-border-divider elementskit-style-long\"><div class=\"elementskit-border-divider elementskit-style-long\"><\/div><\/div><\/div><\/div>\t\t\t\t<\/div>\n\t\t\t\t<\/div>\n\t\t\t\t\t<\/div>\n\t\t<\/div>\n\t\t\t\t\t<\/div>\n\t\t<\/section>\n\t\t\t\t<section class=\"elementor-section elementor-top-section elementor-element elementor-element-b5287e1 elementor-section-boxed elementor-section-height-default elementor-section-height-default\" data-id=\"b5287e1\" data-element_type=\"section\" data-e-type=\"section\">\n\t\t\t\t\t\t<div class=\"elementor-container elementor-column-gap-default\">\n\t\t\t\t\t<div class=\"elementor-column elementor-col-100 elementor-top-column elementor-element elementor-element-1757fa5\" data-id=\"1757fa5\" data-element_type=\"column\" data-e-type=\"column\">\n\t\t\t<div class=\"elementor-widget-wrap elementor-element-populated\">\n\t\t\t\t\t\t<section class=\"elementor-section elementor-inner-section elementor-element elementor-element-00b61b3 elementor-section-boxed elementor-section-height-default elementor-section-height-default\" data-id=\"00b61b3\" data-element_type=\"section\" data-e-type=\"section\">\n\t\t\t\t\t\t<div class=\"elementor-container elementor-column-gap-default\">\n\t\t\t\t\t<div class=\"elementor-column elementor-col-25 elementor-inner-column elementor-element elementor-element-88cb7b3\" data-id=\"88cb7b3\" data-element_type=\"column\" data-e-type=\"column\">\n\t\t\t<div class=\"elementor-widget-wrap elementor-element-populated\">\n\t\t\t\t\t\t<div class=\"elementor-element elementor-element-8b8f586 elementor-widget elementor-widget-image\" data-id=\"8b8f586\" data-element_type=\"widget\" data-e-type=\"widget\" data-widget_type=\"image.default\">\n\t\t\t\t<div class=\"elementor-widget-container\">\n\t\t\t\t\t\t\t\t\t\t\t\t\t\t\t\t<a href=\"https:\/\/norlase.com\/lynx\/\">\n\t\t\t\t\t\t\t<img fetchpriority=\"high\" decoding=\"async\" width=\"497\" height=\"600\" src=\"https:\/\/opptica.eu\/wp-content\/uploads\/LYNX-1-497x600.jpg\" class=\"attachment-medium size-medium wp-image-6682\" alt=\"\" srcset=\"https:\/\/opptica.eu\/wp-content\/uploads\/LYNX-1-497x600.jpg 497w, https:\/\/opptica.eu\/wp-content\/uploads\/LYNX-1-768x927.jpg 768w, https:\/\/opptica.eu\/wp-content\/uploads\/LYNX-1-10x12.jpg 10w, https:\/\/opptica.eu\/wp-content\/uploads\/LYNX-1.jpg 848w\" sizes=\"(max-width: 497px) 100vw, 497px\" \/>\t\t\t\t\t\t\t\t<\/a>\n\t\t\t\t\t\t\t\t\t\t\t\t\t\t\t<\/div>\n\t\t\t\t<\/div>\n\t\t\t\t<div class=\"elementor-element elementor-element-532d332 elementor-widget elementor-widget-heading\" data-id=\"532d332\" data-element_type=\"widget\" data-e-type=\"widget\" data-widget_type=\"heading.default\">\n\t\t\t\t<div class=\"elementor-widget-container\">\n\t\t\t\t\t<h1 class=\"elementor-heading-title elementor-size-default\"><a href=\"https:\/\/norlase.com\/lynx\/\">LYNX<\/a><\/h1>\t\t\t\t<\/div>\n\t\t\t\t<\/div>\n\t\t\t\t\t<\/div>\n\t\t<\/div>\n\t\t\t\t<div class=\"elementor-column elementor-col-25 elementor-inner-column elementor-element elementor-element-94a9689\" data-id=\"94a9689\" data-element_type=\"column\" data-e-type=\"column\" data-settings=\"{&quot;background_background&quot;:&quot;classic&quot;}\">\n\t\t\t<div class=\"elementor-widget-wrap elementor-element-populated\">\n\t\t\t\t\t\t<div class=\"elementor-element elementor-element-fe44567 elementor-widget elementor-widget-image\" data-id=\"fe44567\" data-element_type=\"widget\" data-e-type=\"widget\" data-widget_type=\"image.default\">\n\t\t\t\t<div class=\"elementor-widget-container\">\n\t\t\t\t\t\t\t\t\t\t\t\t\t\t\t\t<a href=\"https:\/\/norlase.com\/echo\/\">\n\t\t\t\t\t\t\t<img decoding=\"async\" width=\"497\" height=\"600\" src=\"https:\/\/opptica.eu\/wp-content\/uploads\/ECHO-1-497x600.jpg\" class=\"attachment-medium size-medium wp-image-6683\" alt=\"\" srcset=\"https:\/\/opptica.eu\/wp-content\/uploads\/ECHO-1-497x600.jpg 497w, https:\/\/opptica.eu\/wp-content\/uploads\/ECHO-1-768x927.jpg 768w, https:\/\/opptica.eu\/wp-content\/uploads\/ECHO-1-10x12.jpg 10w, https:\/\/opptica.eu\/wp-content\/uploads\/ECHO-1.jpg 848w\" sizes=\"(max-width: 497px) 100vw, 497px\" \/>\t\t\t\t\t\t\t\t<\/a>\n\t\t\t\t\t\t\t\t\t\t\t\t\t\t\t<\/div>\n\t\t\t\t<\/div>\n\t\t\t\t<div class=\"elementor-element elementor-element-5106287 elementor-widget elementor-widget-heading\" data-id=\"5106287\" data-element_type=\"widget\" data-e-type=\"widget\" data-widget_type=\"heading.default\">\n\t\t\t\t<div class=\"elementor-widget-container\">\n\t\t\t\t\t<h1 class=\"elementor-heading-title elementor-size-default\"><a href=\"https:\/\/norlase.com\/echo\/\">ECHO<\/a><\/h1>\t\t\t\t<\/div>\n\t\t\t\t<\/div>\n\t\t\t\t\t<\/div>\n\t\t<\/div>\n\t\t\t\t<div class=\"elementor-column elementor-col-25 elementor-inner-column elementor-element elementor-element-28518d0\" data-id=\"28518d0\" data-element_type=\"column\" data-e-type=\"column\">\n\t\t\t<div class=\"elementor-widget-wrap elementor-element-populated\">\n\t\t\t\t\t\t<div class=\"elementor-element elementor-element-f5a9191 elementor-widget elementor-widget-image\" data-id=\"f5a9191\" data-element_type=\"widget\" data-e-type=\"widget\" data-widget_type=\"image.default\">\n\t\t\t\t<div class=\"elementor-widget-container\">\n\t\t\t\t\t\t\t\t\t\t\t\t\t\t\t\t<a href=\"https:\/\/norlase.com\/lion\/\">\n\t\t\t\t\t\t\t<img decoding=\"async\" width=\"497\" height=\"600\" src=\"https:\/\/opptica.eu\/wp-content\/uploads\/LION-1-497x600.jpg\" class=\"attachment-medium size-medium wp-image-6684\" alt=\"\" srcset=\"https:\/\/opptica.eu\/wp-content\/uploads\/LION-1-497x600.jpg 497w, https:\/\/opptica.eu\/wp-content\/uploads\/LION-1-768x927.jpg 768w, https:\/\/opptica.eu\/wp-content\/uploads\/LION-1-10x12.jpg 10w, https:\/\/opptica.eu\/wp-content\/uploads\/LION-1.jpg 848w\" sizes=\"(max-width: 497px) 100vw, 497px\" \/>\t\t\t\t\t\t\t\t<\/a>\n\t\t\t\t\t\t\t\t\t\t\t\t\t\t\t<\/div>\n\t\t\t\t<\/div>\n\t\t\t\t<div class=\"elementor-element elementor-element-c1d5083 elementor-widget elementor-widget-heading\" data-id=\"c1d5083\" data-element_type=\"widget\" data-e-type=\"widget\" data-widget_type=\"heading.default\">\n\t\t\t\t<div class=\"elementor-widget-container\">\n\t\t\t\t\t<h1 class=\"elementor-heading-title elementor-size-default\"><a href=\"https:\/\/norlase.com\/contact\/\">LION<\/a><\/h1>\t\t\t\t<\/div>\n\t\t\t\t<\/div>\n\t\t\t\t\t<\/div>\n\t\t<\/div>\n\t\t\t\t<div class=\"elementor-column elementor-col-25 elementor-inner-column elementor-element elementor-element-cd7593f\" data-id=\"cd7593f\" data-element_type=\"column\" data-e-type=\"column\">\n\t\t\t<div class=\"elementor-widget-wrap elementor-element-populated\">\n\t\t\t\t\t\t<div class=\"elementor-element elementor-element-d5e96fb elementor-widget elementor-widget-image\" data-id=\"d5e96fb\" data-element_type=\"widget\" data-e-type=\"widget\" data-widget_type=\"image.default\">\n\t\t\t\t<div class=\"elementor-widget-container\">\n\t\t\t\t\t\t\t\t\t\t\t\t\t\t\t\t<a href=\"https:\/\/norlase.com\/leaf\/\">\n\t\t\t\t\t\t\t<img loading=\"lazy\" decoding=\"async\" width=\"497\" height=\"600\" src=\"https:\/\/opptica.eu\/wp-content\/uploads\/LEAF-1-497x600.jpg\" class=\"attachment-medium size-medium wp-image-6685\" alt=\"\" srcset=\"https:\/\/opptica.eu\/wp-content\/uploads\/LEAF-1-497x600.jpg 497w, https:\/\/opptica.eu\/wp-content\/uploads\/LEAF-1-768x927.jpg 768w, https:\/\/opptica.eu\/wp-content\/uploads\/LEAF-1-10x12.jpg 10w, https:\/\/opptica.eu\/wp-content\/uploads\/LEAF-1.jpg 848w\" sizes=\"(max-width: 497px) 100vw, 497px\" \/>\t\t\t\t\t\t\t\t<\/a>\n\t\t\t\t\t\t\t\t\t\t\t\t\t\t\t<\/div>\n\t\t\t\t<\/div>\n\t\t\t\t<div class=\"elementor-element elementor-element-ed2039e elementor-widget elementor-widget-heading\" data-id=\"ed2039e\" data-element_type=\"widget\" data-e-type=\"widget\" data-widget_type=\"heading.default\">\n\t\t\t\t<div class=\"elementor-widget-container\">\n\t\t\t\t\t<h1 class=\"elementor-heading-title elementor-size-default\"><a href=\"https:\/\/norlase.com\/leaf\/\">LEAF<\/a><\/h1>\t\t\t\t<\/div>\n\t\t\t\t<\/div>\n\t\t\t\t\t<\/div>\n\t\t<\/div>\n\t\t\t\t\t<\/div>\n\t\t<\/section>\n\t\t\t\t\t<\/div>\n\t\t<\/div>\n\t\t\t\t\t<\/div>\n\t\t<\/section>\n\t\t\t\t<section class=\"elementor-section elementor-top-section elementor-element elementor-element-92eb01c elementor-section-boxed elementor-section-height-default elementor-section-height-default\" data-id=\"92eb01c\" data-element_type=\"section\" data-e-type=\"section\">\n\t\t\t\t\t\t<div class=\"elementor-container elementor-column-gap-default\">\n\t\t\t\t\t<div class=\"elementor-column elementor-col-100 elementor-top-column elementor-element elementor-element-eda728a\" data-id=\"eda728a\" data-element_type=\"column\" data-e-type=\"column\">\n\t\t\t<div class=\"elementor-widget-wrap elementor-element-populated\">\n\t\t\t\t\t\t<div class=\"elementor-element elementor-element-0b94d33 elementor-align-right elementor-widget elementor-widget-button\" data-id=\"0b94d33\" data-element_type=\"widget\" data-e-type=\"widget\" data-widget_type=\"button.default\">\n\t\t\t\t<div class=\"elementor-widget-container\">\n\t\t\t\t\t\t\t\t\t<div class=\"elementor-button-wrapper\">\n\t\t\t\t\t<a class=\"elementor-button elementor-button-link elementor-size-sm\" href=\"https:\/\/opptica.eu\/lv\/contact-us\/\">\n\t\t\t\t\t\t<span class=\"elementor-button-content-wrapper\">\n\t\t\t\t\t\t\t\t\t<span class=\"elementor-button-text\">Piepras\u012bt vair\u0101k inform\u0101cijas<\/span>\n\t\t\t\t\t<\/span>\n\t\t\t\t\t<\/a>\n\t\t\t\t<\/div>\n\t\t\t\t\t\t\t\t<\/div>\n\t\t\t\t<\/div>\n\t\t\t\t\t<\/div>\n\t\t<\/div>\n\t\t\t\t\t<\/div>\n\t\t<\/section>\n\t\t\t\t<\/div>","protected":false},"excerpt":{"rendered":"<p>Ophthalmic Laser Systems NORLASE OPPTICA offers NORLASE equipment \u2014 designed to make retinal laser treatments precise, efficient, and comfortable for both clinicians and patients. Norwegian manufacturer NORLASE develops innovative ophthalmic &#8230;<\/p>","protected":false},"author":7,"featured_media":0,"parent":0,"menu_order":0,"comment_status":"closed","ping_status":"closed","template":"","meta":{"footnotes":""},"class_list":["post-6634","page","type-page","status-publish","hentry"],"_links":{"self":[{"href":"https:\/\/opptica.eu\/lv\/wp-json\/wp\/v2\/pages\/6634","targetHints":{"allow":["GET"]}}],"collection":[{"href":"https:\/\/opptica.eu\/lv\/wp-json\/wp\/v2\/pages"}],"about":[{"href":"https:\/\/opptica.eu\/lv\/wp-json\/wp\/v2\/types\/page"}],"author":[{"embeddable":true,"href":"https:\/\/opptica.eu\/lv\/wp-json\/wp\/v2\/users\/7"}],"replies":[{"embeddable":true,"href":"https:\/\/opptica.eu\/lv\/wp-json\/wp\/v2\/comments?post=6634"}],"version-history":[{"count":20,"href":"https:\/\/opptica.eu\/lv\/wp-json\/wp\/v2\/pages\/6634\/revisions"}],"predecessor-version":[{"id":6688,"href":"https:\/\/opptica.eu\/lv\/wp-json\/wp\/v2\/pages\/6634\/revisions\/6688"}],"wp:attachment":[{"href":"https:\/\/opptica.eu\/lv\/wp-json\/wp\/v2\/media?parent=6634"}],"curies":[{"name":"wp","href":"https:\/\/api.w.org\/{rel}","templated":true}]}}