{"id":6622,"date":"2025-12-10T13:51:50","date_gmt":"2025-12-10T11:51:50","guid":{"rendered":"https:\/\/opptica.eu\/?page_id=6622"},"modified":"2026-03-11T12:39:21","modified_gmt":"2026-03-11T10:39:21","slug":"elementor-6622","status":"publish","type":"page","link":"https:\/\/opptica.eu\/lv\/elementor-6622\/","title":{"rendered":"Zob\u0101rstniec\u012bbas apr\u012bkojums"},"content":{"rendered":"<div data-elementor-type=\"wp-page\" data-elementor-id=\"6622\" class=\"elementor elementor-6622\">\n\t\t\t\t\t\t<section class=\"elementor-section elementor-top-section elementor-element elementor-element-fdcba21 elementor-section-height-min-height elementor-section-boxed elementor-section-height-default elementor-section-items-middle\" data-id=\"fdcba21\" data-element_type=\"section\" data-e-type=\"section\" data-settings=\"{&quot;background_background&quot;:&quot;classic&quot;}\">\n\t\t\t\t\t\t\t<div class=\"elementor-background-overlay\"><\/div>\n\t\t\t\t\t\t\t<div class=\"elementor-container elementor-column-gap-default\">\n\t\t\t\t\t<div class=\"elementor-column elementor-col-100 elementor-top-column elementor-element elementor-element-273bce6\" data-id=\"273bce6\" data-element_type=\"column\" data-e-type=\"column\">\n\t\t\t<div class=\"elementor-widget-wrap elementor-element-populated\">\n\t\t\t\t\t\t<div class=\"elementor-element elementor-element-bcdac8c elementor-widget__width-inherit elementor-widget-tablet__width-initial elementor-widget-mobile__width-initial elementor-widget elementor-widget-heading\" data-id=\"bcdac8c\" data-element_type=\"widget\" data-e-type=\"widget\" data-widget_type=\"heading.default\">\n\t\t\t\t<div class=\"elementor-widget-container\">\n\t\t\t\t\t<h1 class=\"elementor-heading-title elementor-size-default\"><span style=\"letter-spacing: 0.6px\">Zob\u0101rstniec\u012bbas apr\u012bkojums<\/span><\/h1>\t\t\t\t<\/div>\n\t\t\t\t<\/div>\n\t\t\t\t\t<\/div>\n\t\t<\/div>\n\t\t\t\t\t<\/div>\n\t\t<\/section>\n\t\t\t\t<section class=\"elementor-section elementor-top-section elementor-element elementor-element-ac9bbb2 elementor-section-boxed elementor-section-height-default elementor-section-height-default\" data-id=\"ac9bbb2\" data-element_type=\"section\" data-e-type=\"section\">\n\t\t\t\t\t\t<div class=\"elementor-container elementor-column-gap-default\">\n\t\t\t\t\t<div class=\"elementor-column elementor-col-100 elementor-top-column elementor-element elementor-element-4b697c3\" data-id=\"4b697c3\" data-element_type=\"column\" data-e-type=\"column\">\n\t\t\t<div class=\"elementor-widget-wrap elementor-element-populated\">\n\t\t\t\t\t\t<div class=\"elementor-element elementor-element-ead701e elementor-widget elementor-widget-elementskit-heading\" data-id=\"ead701e\" data-element_type=\"widget\" data-e-type=\"widget\" data-widget_type=\"elementskit-heading.default\">\n\t\t\t\t<div class=\"elementor-widget-container\">\n\t\t\t\t\t<div class=\"ekit-wid-con\" ><div class=\"ekit-heading elementskit-section-title-wraper center   ekit_heading_tablet-   ekit_heading_mobile-\"><h1 class=\"ekit-heading--title elementskit-section-title\">Ritter, Lilivis un Tekno Germany<\/h1>\t\t\t\t<div class='ekit-heading__description'>\n\t\t\t\t\t<p>OPPTICA pied\u0101v\u0101 pla\u0161u augst\u0101k\u0101s klases zob\u0101rstniec\u012bbas iek\u0101rtu kl\u0101stu, kur\u0101 v\u0101cu in\u017eenierijas mantojums apvienojas ar n\u0101kotnes digit\u0101laj\u0101m inov\u0101cij\u0101m. Sadarbojoties ar nozares l\u012bderiem \u2014 Ritter Concept, Lilivis un Tekno Germany \u2014, m\u0113s nodro\u0161in\u0101m kl\u012bnikas ar b\u016btiskiem instrumentiem, kas sniedz izcilu komfortu, efektivit\u0101ti un precizit\u0101ti gan zob\u0101rstniec\u012bbas speci\u0101listiem, gan vi\u0146u pacientiem.<\/p>\n<h3>Ritter Concept: p\u0101rbaud\u012bta v\u0101cu izcil\u012bba<\/h3>\n<p>Ar vair\u0101k nek\u0101 130 gadu pieredzi v\u0101cu ra\u017eot\u0101js Ritter Concept izstr\u0101d\u0101 modernas zob\u0101rstniec\u012bbas un profilakses iek\u0101rtas, kas atbilst gan priv\u0101tprak\u0161u, gan lielu kl\u012bniku vajadz\u012bb\u0101m. Sortiment\u0101 ir pla\u0161a zob\u0101rstniec\u012bbas iek\u0101rtu, kr\u0113slu, kompresoru, ats\u016bk\u0161anas sist\u0113mu, autokl\u0101vu, uzga\u013cu un rentgena iek\u0101rtu izv\u0113le \u2014 tas viss ir rad\u012bts, lai optimiz\u0113tu darba pl\u016bsmu un atbalst\u012btu augstas kvalit\u0101tes apr\u016bpi. Ergonomisks dizains, intuit\u012bva vad\u012bba un uzticama in\u017eenierija \u013cauj speci\u0101listiem str\u0101d\u0101t efekt\u012bvi, vienlaikus saglab\u0101jot maksim\u0101lu pacienta komfortu.<\/p>\n<h3>Lilivis: jauna \u0113ra digit\u0101laj\u0101 zob\u0101rstniec\u012bb\u0101<\/h3>\n<p>Papildinot tradicion\u0101lo infrastrukt\u016bru, Lilivis digit\u0101lo risin\u0101jumu komplekts pied\u0101v\u0101 integr\u0113tu pilna cikla darba pl\u016bsmu m\u016bsdien\u012bgai zob\u0101rstniec\u012bbai. \u0160\u012b ekosist\u0113ma ietver Lilivis Scan LS-100 \u0101trai digit\u0101lo nospiedumu no\u0146em\u0161anai, Lilivis Print sist\u0113mu ar specializ\u0113taj\u0101m Clean un Cure p\u0113capstr\u0101des ier\u012bc\u0113m prec\u012bzai 3D druk\u0101\u0161anai, k\u0101 ar\u012b Lilivis Mill LM-100 augstas precizit\u0101tes fr\u0113z\u0113\u0161anai. \u0160ie risin\u0101jumi \u013cauj praks\u0113m nevainojami p\u0101riet uz digit\u0101lo ra\u017eo\u0161anu, samazinot izpildes laiku un uzlabojot pacientam piel\u0101gotu restaur\u0101ciju precizit\u0101ti.<\/p>\n<p>Izv\u0113lieties OPPTICA apr\u012bkojuma portfeli, lai apr\u012bkotu savu praksi ar profesion\u0101l\u0101m, ilgm\u016b\u017e\u012bg\u0101m un inovat\u012bv\u0101m tehnolo\u0123ij\u0101m, kas uzlabo gan darb\u012bbas efektivit\u0101ti, gan kop\u0113jo pacienta pieredzi.<\/p>\n<h3>Tekno Germany: \u0137irur\u0123isk\u0101 precizit\u0101te un uzticam\u012bba<\/h3>\n<p>Tekno Germany darb\u012bbas pamat\u0101 ir Tutlingenas \u2013 pasaules medic\u012bnas tehnolo\u0123iju metropoles \u2013 gadsimtiem kr\u0101t\u0101 pieredze. Uz\u0146\u0113mums specializ\u0113jas augst\u0101k\u0101s klases \u0137irur\u0123isko instrumentu un endoskopu izstr\u0101d\u0113, kas \u0161odien kalpo par kl\u012bnisk\u0101s precizit\u0101tes etalonu. Pla\u0161ais produktu kl\u0101sts aptver visda\u017e\u0101d\u0101k\u0101s medic\u012bnas nozares, pied\u0101v\u0101jot visu \u2013 no specializ\u0113tiem instrumentiem zobu \u0137irur\u0123ijai l\u012bdz pat augst\u0101k\u0101s raudzes endoskopijas sist\u0113m\u0101m, kas rad\u012btas bezkompromisa dro\u0161\u012bbai un ilgm\u016b\u017e\u012bbai.<\/p>\n<p>Pateicoties izcilajai taktilajai atdevei un materi\u0101lu ilgtsp\u0113jai, Tekno Germany instrumenti garant\u0113 prec\u012bzu darbu un nevainojamu kalpo\u0161anu gadiem ilgi. Vi\u0146u uztic\u012bba inov\u0101cij\u0101m un \"Made in Germany\" kvalit\u0101tei garant\u0113, ka katrs instruments atvieglo darba pl\u016bsmu un pal\u012bdz sasniegt izcilus kl\u012bniskos rezult\u0101tus.<\/p>\n\t\t\t\t<\/div>\n\t\t\t<div class=\"ekit_heading_separetor_wraper ekit_heading_elementskit-border-divider elementskit-style-long\"><div class=\"elementskit-border-divider elementskit-style-long\"><\/div><\/div><\/div><\/div>\t\t\t\t<\/div>\n\t\t\t\t<\/div>\n\t\t\t\t\t<\/div>\n\t\t<\/div>\n\t\t\t\t\t<\/div>\n\t\t<\/section>\n\t\t\t\t<section class=\"elementor-section elementor-top-section elementor-element elementor-element-743b984 elementor-section-boxed elementor-section-height-default elementor-section-height-default\" data-id=\"743b984\" data-element_type=\"section\" data-e-type=\"section\">\n\t\t\t\t\t\t<div class=\"elementor-container elementor-column-gap-default\">\n\t\t\t\t\t<div class=\"elementor-column elementor-col-100 elementor-top-column elementor-element elementor-element-00a864a\" data-id=\"00a864a\" data-element_type=\"column\" data-e-type=\"column\">\n\t\t\t<div class=\"elementor-widget-wrap elementor-element-populated\">\n\t\t\t\t\t\t<div class=\"elementor-element elementor-element-f34870f elementor-widget elementor-widget-shortcode\" data-id=\"f34870f\" data-element_type=\"widget\" data-e-type=\"widget\" data-widget_type=\"shortcode.default\">\n\t\t\t\t<div class=\"elementor-widget-container\">\n\t\t\t\t\t\t\t<div class=\"elementor-shortcode\"><div class=\"_df_book df-lite\" id=\"df_6696\"  _slug=\"ritter-produktu-katalogs\" data-title=\"ritter-produktu-katalogs\" wpoptions=\"true\" thumbtype=\"\" ><\/div><script class=\"df-shortcode-script\" nowprocket type=\"application\/javascript\">window.option_df_6696 = {\"outline\":[],\"autoEnableOutline\":\"false\",\"autoEnableThumbnail\":\"false\",\"overwritePDFOutline\":\"false\",\"direction\":\"1\",\"pageSize\":\"0\",\"source\":\"https:\\\/\\\/opptica.eu\\\/wp-content\\\/uploads\\\/G-LV-RitterConceptCatalog-.pdf\",\"wpOptions\":\"true\"}; if(window.DFLIP && window.DFLIP.parseBooks){window.DFLIP.parseBooks();}<\/script><\/div>\n\t\t\t\t\t\t<\/div>\n\t\t\t\t<\/div>\n\t\t\t\t\t<\/div>\n\t\t<\/div>\n\t\t\t\t\t<\/div>\n\t\t<\/section>\n\t\t\t\t<section class=\"elementor-section elementor-top-section elementor-element elementor-element-702e869 elementor-section-boxed elementor-section-height-default elementor-section-height-default\" data-id=\"702e869\" data-element_type=\"section\" data-e-type=\"section\">\n\t\t\t\t\t\t<div class=\"elementor-container elementor-column-gap-default\">\n\t\t\t\t\t<div class=\"elementor-column elementor-col-100 elementor-top-column elementor-element elementor-element-9dd4bc3\" data-id=\"9dd4bc3\" data-element_type=\"column\" data-e-type=\"column\">\n\t\t\t<div class=\"elementor-widget-wrap elementor-element-populated\">\n\t\t\t\t\t\t<div class=\"elementor-element elementor-element-e35a75f elementor-widget elementor-widget-shortcode\" data-id=\"e35a75f\" data-element_type=\"widget\" data-e-type=\"widget\" data-widget_type=\"shortcode.default\">\n\t\t\t\t<div class=\"elementor-widget-container\">\n\t\t\t\t\t\t\t<div class=\"elementor-shortcode\"><div class=\"_df_book df-lite\" id=\"df_6714\"  _slug=\"lilivis-produktu-katalogs\" data-title=\"lilivis-produktu-katalogs\" wpoptions=\"true\" thumbtype=\"\" ><\/div><script class=\"df-shortcode-script\" nowprocket type=\"application\/javascript\">window.option_df_6714 = {\"outline\":[],\"autoEnableOutline\":\"false\",\"autoEnableThumbnail\":\"false\",\"overwritePDFOutline\":\"false\",\"direction\":\"1\",\"pageSize\":\"0\",\"source\":\"https:\\\/\\\/opptica.eu\\\/wp-content\\\/uploads\\\/Pied_C4_81v_C4_81jums_20LV_20bez_20cenas.pdf\",\"wpOptions\":\"true\"}; if(window.DFLIP && window.DFLIP.parseBooks){window.DFLIP.parseBooks();}<\/script><\/div>\n\t\t\t\t\t\t<\/div>\n\t\t\t\t<\/div>\n\t\t\t\t\t<\/div>\n\t\t<\/div>\n\t\t\t\t\t<\/div>\n\t\t<\/section>\n\t\t\t\t<section class=\"elementor-section elementor-top-section elementor-element elementor-element-db7ed28 elementor-section-boxed elementor-section-height-default elementor-section-height-default\" data-id=\"db7ed28\" data-element_type=\"section\" data-e-type=\"section\">\n\t\t\t\t\t\t<div class=\"elementor-container elementor-column-gap-default\">\n\t\t\t\t\t<div class=\"elementor-column elementor-col-100 elementor-top-column elementor-element elementor-element-e585897\" data-id=\"e585897\" data-element_type=\"column\" data-e-type=\"column\">\n\t\t\t<div class=\"elementor-widget-wrap elementor-element-populated\">\n\t\t\t\t\t\t<div class=\"elementor-element elementor-element-6e14dee elementor-widget elementor-widget-shortcode\" data-id=\"6e14dee\" data-element_type=\"widget\" data-e-type=\"widget\" data-widget_type=\"shortcode.default\">\n\t\t\t\t<div class=\"elementor-widget-container\">\n\t\t\t\t\t\t\t<div class=\"elementor-shortcode\"><div class=\"_df_book df-lite\" id=\"df_6797\"  _slug=\"tekno-germany-instrumenti\" data-title=\"tekno-germany-instrumenti\" wpoptions=\"true\" thumbtype=\"\" ><\/div><script class=\"df-shortcode-script\" nowprocket type=\"application\/javascript\">window.option_df_6797 = {\"outline\":[],\"autoEnableOutline\":\"false\",\"autoEnableThumbnail\":\"false\",\"overwritePDFOutline\":\"false\",\"direction\":\"1\",\"pageSize\":\"0\",\"source\":\"https:\\\/\\\/opptica.eu\\\/wp-content\\\/uploads\\\/Instrumenti-OC-Vision.pdf\",\"wpOptions\":\"true\"}; if(window.DFLIP && window.DFLIP.parseBooks){window.DFLIP.parseBooks();}<\/script><\/div>\n\t\t\t\t\t\t<\/div>\n\t\t\t\t<\/div>\n\t\t\t\t\t<\/div>\n\t\t<\/div>\n\t\t\t\t\t<\/div>\n\t\t<\/section>\n\t\t\t\t<section class=\"elementor-section elementor-top-section elementor-element elementor-element-c386453 elementor-section-boxed elementor-section-height-default elementor-section-height-default\" data-id=\"c386453\" data-element_type=\"section\" data-e-type=\"section\">\n\t\t\t\t\t\t<div class=\"elementor-container elementor-column-gap-default\">\n\t\t\t\t\t<div class=\"elementor-column elementor-col-100 elementor-top-column elementor-element elementor-element-9bbd120\" data-id=\"9bbd120\" data-element_type=\"column\" data-e-type=\"column\">\n\t\t\t<div class=\"elementor-widget-wrap elementor-element-populated\">\n\t\t\t\t\t\t<div class=\"elementor-element elementor-element-9032e13 elementor-align-right elementor-widget elementor-widget-button\" data-id=\"9032e13\" data-element_type=\"widget\" data-e-type=\"widget\" data-widget_type=\"button.default\">\n\t\t\t\t<div class=\"elementor-widget-container\">\n\t\t\t\t\t\t\t\t\t<div class=\"elementor-button-wrapper\">\n\t\t\t\t\t<a class=\"elementor-button elementor-button-link elementor-size-sm\" href=\"https:\/\/opptica.eu\/lv\/contact-us\/\">\n\t\t\t\t\t\t<span class=\"elementor-button-content-wrapper\">\n\t\t\t\t\t\t\t\t\t<span class=\"elementor-button-text\">Piepras\u012bt vair\u0101k inform\u0101cijas<\/span>\n\t\t\t\t\t<\/span>\n\t\t\t\t\t<\/a>\n\t\t\t\t<\/div>\n\t\t\t\t\t\t\t\t<\/div>\n\t\t\t\t<\/div>\n\t\t\t\t\t<\/div>\n\t\t<\/div>\n\t\t\t\t\t<\/div>\n\t\t<\/section>\n\t\t\t\t<\/div>","protected":false},"excerpt":{"rendered":"<p>Dental Equipment Ritter, Lilivis and Tekno Germany OPPTICA offers a comprehensive range of high-end dental equipment, merging the heritage of German engineering with future-driven digital innovations. By partnering with industry &#8230;<\/p>","protected":false},"author":7,"featured_media":0,"parent":0,"menu_order":0,"comment_status":"closed","ping_status":"closed","template":"","meta":{"footnotes":""},"class_list":["post-6622","page","type-page","status-publish","hentry"],"_links":{"self":[{"href":"https:\/\/opptica.eu\/lv\/wp-json\/wp\/v2\/pages\/6622","targetHints":{"allow":["GET"]}}],"collection":[{"href":"https:\/\/opptica.eu\/lv\/wp-json\/wp\/v2\/pages"}],"about":[{"href":"https:\/\/opptica.eu\/lv\/wp-json\/wp\/v2\/types\/page"}],"author":[{"embeddable":true,"href":"https:\/\/opptica.eu\/lv\/wp-json\/wp\/v2\/users\/7"}],"replies":[{"embeddable":true,"href":"https:\/\/opptica.eu\/lv\/wp-json\/wp\/v2\/comments?post=6622"}],"version-history":[{"count":20,"href":"https:\/\/opptica.eu\/lv\/wp-json\/wp\/v2\/pages\/6622\/revisions"}],"predecessor-version":[{"id":6802,"href":"https:\/\/opptica.eu\/lv\/wp-json\/wp\/v2\/pages\/6622\/revisions\/6802"}],"wp:attachment":[{"href":"https:\/\/opptica.eu\/lv\/wp-json\/wp\/v2\/media?parent=6622"}],"curies":[{"name":"wp","href":"https:\/\/api.w.org\/{rel}","templated":true}]}}