{"id":41,"date":"2024-09-09T12:31:39","date_gmt":"2024-09-09T12:31:39","guid":{"rendered":"https:\/\/new.opptica.eu\/?page_id=41"},"modified":"2025-01-20T09:32:54","modified_gmt":"2025-01-20T07:32:54","slug":"service-and-maintenance","status":"publish","type":"page","link":"https:\/\/opptica.eu\/lv\/service-and-maintenance\/","title":{"rendered":"Apkope un uztur\u0113\u0161ana"},"content":{"rendered":"<div data-elementor-type=\"wp-page\" data-elementor-id=\"41\" class=\"elementor elementor-41\">\n\t\t\t\t\t\t<section class=\"elementor-section elementor-top-section elementor-element elementor-element-49475bf elementor-section-height-min-height elementor-section-boxed elementor-section-height-default elementor-section-items-middle\" data-id=\"49475bf\" data-element_type=\"section\" data-e-type=\"section\" data-settings=\"{&quot;background_background&quot;:&quot;classic&quot;}\">\n\t\t\t\t\t\t\t<div class=\"elementor-background-overlay\"><\/div>\n\t\t\t\t\t\t\t<div class=\"elementor-container elementor-column-gap-default\">\n\t\t\t\t\t<div class=\"elementor-column elementor-col-100 elementor-top-column elementor-element elementor-element-713acc2\" data-id=\"713acc2\" data-element_type=\"column\" data-e-type=\"column\">\n\t\t\t<div class=\"elementor-widget-wrap elementor-element-populated\">\n\t\t\t\t\t\t<div class=\"elementor-element elementor-element-59930cc elementor-widget__width-inherit elementor-widget-tablet__width-initial elementor-widget-mobile__width-initial elementor-widget elementor-widget-heading\" data-id=\"59930cc\" data-element_type=\"widget\" data-e-type=\"widget\" data-widget_type=\"heading.default\">\n\t\t\t\t<div class=\"elementor-widget-container\">\n\t\t\t\t\t<h1 class=\"elementor-heading-title elementor-size-default\">Apkope un uztur\u0113\u0161ana<\/h1>\t\t\t\t<\/div>\n\t\t\t\t<\/div>\n\t\t\t\t\t<\/div>\n\t\t<\/div>\n\t\t\t\t\t<\/div>\n\t\t<\/section>\n\t\t\t\t<section class=\"elementor-section elementor-top-section elementor-element elementor-element-60b5be2b elementor-section-height-min-height elementor-section-boxed elementor-section-height-default elementor-section-items-middle\" data-id=\"60b5be2b\" data-element_type=\"section\" data-e-type=\"section\" id=\"xs_team_17\">\n\t\t\t\t\t\t<div class=\"elementor-container elementor-column-gap-default\">\n\t\t\t\t\t<div class=\"elementor-column elementor-col-100 elementor-top-column elementor-element elementor-element-17fbcc76\" data-id=\"17fbcc76\" data-element_type=\"column\" data-e-type=\"column\">\n\t\t\t<div class=\"elementor-widget-wrap elementor-element-populated\">\n\t\t\t\t\t\t<div class=\"elementor-element elementor-element-796404f5 elementor-widget elementor-widget-elementskit-heading\" data-id=\"796404f5\" data-element_type=\"widget\" data-e-type=\"widget\" data-widget_type=\"elementskit-heading.default\">\n\t\t\t\t<div class=\"elementor-widget-container\">\n\t\t\t\t\t<div class=\"ekit-wid-con\" ><div class=\"ekit-heading elementskit-section-title-wraper center   ekit_heading_tablet-   ekit_heading_mobile-\"><h1 class=\"ekit-heading--title elementskit-section-title\">Iek\u0101rtas, uz kur\u0101m varat pa\u013cauties \u2014 prec\u012bzas, uzticamas un gatavas darbam<\/h1>\t\t\t\t<div class='ekit-heading__description'>\n\t\t\t\t\t<p>M\u0113s lepojamies ar izcilu servisu un klientu apkalpo\u0161anu, nodro\u0161inot, ka j\u016bsu optikas un medic\u012bnas iek\u0101rtas darbojas maksim\u0101li efekt\u012bvi. Ar vair\u0101k nek\u0101 30 gadu pieredzi iek\u0101rtu apkalpo\u0161an\u0101 un uztur\u0113\u0161an\u0101, m\u016bsu pieredz\u0113ju\u0161ie in\u017eenieri un atbalsta komanda vienm\u0113r ir gatavi jums pal\u012bdz\u0113t.<\/p>\n<p>Apr\u012bkojiet savu praksi ar lab\u0101ko servisu un klientu apkalpo\u0161anu. Sadarbojieties ar OPPTICA, lai j\u016bsu iek\u0101rtas darbotos nevainojami un efekt\u012bvi, \u013caujot jums koncentr\u0113ties uz izcilu redzes apr\u016bpes nodro\u0161in\u0101\u0161anu pacientiem.<\/p>\n\t\t\t\t<\/div>\n\t\t\t<div class=\"ekit_heading_separetor_wraper ekit_heading_elementskit-border-divider elementskit-style-long\"><div class=\"elementskit-border-divider elementskit-style-long\"><\/div><\/div><\/div><\/div>\t\t\t\t<\/div>\n\t\t\t\t<\/div>\n\t\t\t\t\t<\/div>\n\t\t<\/div>\n\t\t\t\t\t<\/div>\n\t\t<\/section>\n\t\t\t\t<section class=\"elementor-section elementor-top-section elementor-element elementor-element-4b10ee03 elementor-section-boxed elementor-section-height-default elementor-section-height-default\" data-id=\"4b10ee03\" data-element_type=\"section\" data-e-type=\"section\">\n\t\t\t\t\t\t<div class=\"elementor-container elementor-column-gap-default\">\n\t\t\t\t\t<div class=\"elementor-column elementor-col-100 elementor-top-column elementor-element elementor-element-6972ac9a\" data-id=\"6972ac9a\" data-element_type=\"column\" data-e-type=\"column\">\n\t\t\t<div class=\"elementor-widget-wrap elementor-element-populated\">\n\t\t\t\t\t\t<section class=\"elementor-section elementor-inner-section elementor-element elementor-element-7a34f402 elementor-section-boxed elementor-section-height-default elementor-section-height-default\" data-id=\"7a34f402\" data-element_type=\"section\" data-e-type=\"section\">\n\t\t\t\t\t\t<div class=\"elementor-container elementor-column-gap-default\">\n\t\t\t\t\t<div class=\"elementor-column elementor-col-50 elementor-inner-column elementor-element elementor-element-237acd0\" data-id=\"237acd0\" data-element_type=\"column\" data-e-type=\"column\">\n\t\t\t<div class=\"elementor-widget-wrap elementor-element-populated\">\n\t\t\t\t\t\t<div class=\"elementor-element elementor-element-51e3d74 ekit-equal-height-disable elementor-widget elementor-widget-elementskit-icon-box\" data-id=\"51e3d74\" data-element_type=\"widget\" data-e-type=\"widget\" data-widget_type=\"elementskit-icon-box.default\">\n\t\t\t\t<div class=\"elementor-widget-container\">\n\t\t\t\t\t<div class=\"ekit-wid-con\" >        <!-- link opening -->\n                <a href=\"#\" class=\"ekit_global_links\">\n                <!-- end link opening -->\n\n        <div class=\"elementskit-infobox text- text-left icon-lef-right-aligin elementor-animation- media\">\n                    <div class=\"elementskit-box-header elementor-animation-\">\n                <div class=\"elementskit-info-box-icon  text-center\">\n                    <i aria-hidden=\"true\" class=\"elementkit-infobox-icon icon icon-fancy-heading\"><\/i>\n                <\/div>\n          <\/div>\n                        <div class=\"box-body\">\n                            <h3 class=\"elementskit-info-box-title\">\n                    Apm\u0101c\u012bbu iesp\u0113jas                <\/h3>\n                        \t\t  \t<p>Esiet soli priek\u0161\u0101 optikas nozar\u0113, izmantojot m\u016bsu apm\u0101c\u012bbu iesp\u0113jas. M\u0113s pied\u0101v\u0101jam praktiskas nodarb\u012bbas un apm\u0101c\u012bbu sesijas, kas pal\u012bdz jums un j\u016bsu komandai apg\u016bt jaun\u0101k\u0101s tehnolo\u0123ijas un metodes optikas laboratorijas darb\u0101 un iek\u0101rtu apkalpo\u0161an\u0101.<\/p>\n                                <\/div>\n        \n        \n                <\/div>\n                <\/a>\n        <\/div>\t\t\t\t<\/div>\n\t\t\t\t<\/div>\n\t\t\t\t\t<\/div>\n\t\t<\/div>\n\t\t\t\t<div class=\"elementor-column elementor-col-50 elementor-inner-column elementor-element elementor-element-5cbaa17f elementor-hidden-tablet\" data-id=\"5cbaa17f\" data-element_type=\"column\" data-e-type=\"column\">\n\t\t\t<div class=\"elementor-widget-wrap elementor-element-populated\">\n\t\t\t\t\t\t<div class=\"elementor-element elementor-element-3901a0dd ekit-equal-height-disable elementor-widget elementor-widget-elementskit-icon-box\" data-id=\"3901a0dd\" data-element_type=\"widget\" data-e-type=\"widget\" data-widget_type=\"elementskit-icon-box.default\">\n\t\t\t\t<div class=\"elementor-widget-container\">\n\t\t\t\t\t<div class=\"ekit-wid-con\" >        <!-- link opening -->\n                <a href=\"#\" class=\"ekit_global_links\">\n                <!-- end link opening -->\n\n        <div class=\"elementskit-infobox text- text-left icon-lef-right-aligin elementor-animation- media\">\n                    <div class=\"elementskit-box-header elementor-animation-\">\n                <div class=\"elementskit-info-box-icon  text-center\">\n                    <i aria-hidden=\"true\" class=\"elementkit-infobox-icon icon icon-handshake\"><\/i>\n                <\/div>\n          <\/div>\n                        <div class=\"box-body\">\n                            <h3 class=\"elementskit-info-box-title\">\n                    Piel\u0101goti risin\u0101jumi                <\/h3>\n                        \t\t  \t<p>M\u0113s saprotam, ka katram uz\u0146\u0113mumam ir savas unik\u0101las vajadz\u012bbas. T\u0101p\u0113c pied\u0101v\u0101jam individu\u0101li piel\u0101gotus risin\u0101jumus j\u016bsu pras\u012bb\u0101m. S\u0101kot no regul\u0101r\u0101m l\u012bdz \u0101rpusk\u0101rtas apkop\u0113m, m\u016bsu komanda ir ap\u0146\u0113musies atrast lab\u0101kos risin\u0101jumus j\u016bsu uz\u0146\u0113mumam.<\/p>\n                                <\/div>\n        \n        \n                <\/div>\n                <\/a>\n        <\/div>\t\t\t\t<\/div>\n\t\t\t\t<\/div>\n\t\t\t\t\t<\/div>\n\t\t<\/div>\n\t\t\t\t\t<\/div>\n\t\t<\/section>\n\t\t\t\t<section class=\"elementor-section elementor-inner-section elementor-element elementor-element-6fe5aaac elementor-section-boxed elementor-section-height-default elementor-section-height-default\" data-id=\"6fe5aaac\" data-element_type=\"section\" data-e-type=\"section\">\n\t\t\t\t\t\t<div class=\"elementor-container elementor-column-gap-default\">\n\t\t\t\t\t<div class=\"elementor-column elementor-col-50 elementor-inner-column elementor-element elementor-element-3cda74bc\" data-id=\"3cda74bc\" data-element_type=\"column\" data-e-type=\"column\">\n\t\t\t<div class=\"elementor-widget-wrap elementor-element-populated\">\n\t\t\t\t\t\t<div class=\"elementor-element elementor-element-4d838808 ekit-equal-height-disable elementor-widget elementor-widget-elementskit-icon-box\" data-id=\"4d838808\" data-element_type=\"widget\" data-e-type=\"widget\" data-widget_type=\"elementskit-icon-box.default\">\n\t\t\t\t<div class=\"elementor-widget-container\">\n\t\t\t\t\t<div class=\"ekit-wid-con\" >        <!-- link opening -->\n                <a href=\"#\" class=\"ekit_global_links\">\n                <!-- end link opening -->\n\n        <div class=\"elementskit-infobox text- text-left icon-lef-right-aligin elementor-animation- media\">\n                    <div class=\"elementskit-box-header elementor-animation-\">\n                <div class=\"elementskit-info-box-icon  text-center\">\n                    <i aria-hidden=\"true\" class=\"elementkit-infobox-icon icon icon-service\"><\/i>\n                <\/div>\n          <\/div>\n                        <div class=\"box-body\">\n                            <h3 class=\"elementskit-info-box-title\">\n                    Diagnostika un garantijas apkope                <\/h3>\n                        \t\t  \t<p>M\u016bsu pieredz\u0113ju\u0161ie in\u017eenieri specializ\u0113jas diagnostik\u0101 un veic garantijas apkopes, nodro\u0161inot, ka j\u016bsu iek\u0101rtas tiek nov\u0113rt\u0113tas un \u0101tri salabotas. M\u0113s izmantojam modernas diagnostikas iek\u0101rtas, lai efekt\u012bvi identific\u0113tu un nov\u0113rstu probl\u0113mas.<\/p>\n                                <\/div>\n        \n        \n                <\/div>\n                <\/a>\n        <\/div>\t\t\t\t<\/div>\n\t\t\t\t<\/div>\n\t\t\t\t\t<\/div>\n\t\t<\/div>\n\t\t\t\t<div class=\"elementor-column elementor-col-50 elementor-inner-column elementor-element elementor-element-7efdd62c\" data-id=\"7efdd62c\" data-element_type=\"column\" data-e-type=\"column\">\n\t\t\t<div class=\"elementor-widget-wrap elementor-element-populated\">\n\t\t\t\t\t\t<div class=\"elementor-element elementor-element-5b869dd1 ekit-equal-height-disable elementor-widget elementor-widget-elementskit-icon-box\" data-id=\"5b869dd1\" data-element_type=\"widget\" data-e-type=\"widget\" data-widget_type=\"elementskit-icon-box.default\">\n\t\t\t\t<div class=\"elementor-widget-container\">\n\t\t\t\t\t<div class=\"ekit-wid-con\" >        <!-- link opening -->\n                <a href=\"#\" class=\"ekit_global_links\">\n                <!-- end link opening -->\n\n        <div class=\"elementskit-infobox text- text-left icon-lef-right-aligin elementor-animation- media\">\n                    <div class=\"elementskit-box-header elementor-animation-\">\n                <div class=\"elementskit-info-box-icon  text-center\">\n                    <i aria-hidden=\"true\" class=\"elementkit-infobox-icon icon icon-engine\"><\/i>\n                <\/div>\n          <\/div>\n                        <div class=\"box-body\">\n                            <h3 class=\"elementskit-info-box-title\">\n                    Tehniskais atbalsts                <\/h3>\n                        \t\t  \t<p>M\u016bsu atsauc\u012bg\u0101 tehnisk\u0101 atbalsta komanda ir gatava sniegt atbildes uz visiem jaut\u0101jumiem un pied\u0101v\u0101t risin\u0101jumus probl\u0113m\u0101m, kas saist\u012btas ar j\u016bsu iek\u0101rt\u0101m. Neatkar\u012bgi no t\u0101, vai nepiecie\u0161ama pal\u012bdz\u012bba uzst\u0101d\u012b\u0161an\u0101, probl\u0113mu nov\u0113r\u0161an\u0101 vai uztur\u0113\u0161an\u0101, m\u016bsu eksperti nodro\u0161ina uzticamu atbalstu.<\/p>\n                                <\/div>\n        \n        \n                <\/div>\n                <\/a>\n        <\/div>\t\t\t\t<\/div>\n\t\t\t\t<\/div>\n\t\t\t\t\t<\/div>\n\t\t<\/div>\n\t\t\t\t\t<\/div>\n\t\t<\/section>\n\t\t\t\t\t<\/div>\n\t\t<\/div>\n\t\t\t\t\t<\/div>\n\t\t<\/section>\n\t\t\t\t<\/div>","protected":false},"excerpt":{"rendered":"<p>Service and Maintenance Your equipment will always be accurate, reliable, and ready for production We pride ourselves on providing exceptional service and maintenance support to ensure your optical and medical &#8230;<\/p>","protected":false},"author":3,"featured_media":0,"parent":0,"menu_order":0,"comment_status":"closed","ping_status":"closed","template":"","meta":{"footnotes":""},"class_list":["post-41","page","type-page","status-publish","hentry"],"_links":{"self":[{"href":"https:\/\/opptica.eu\/lv\/wp-json\/wp\/v2\/pages\/41","targetHints":{"allow":["GET"]}}],"collection":[{"href":"https:\/\/opptica.eu\/lv\/wp-json\/wp\/v2\/pages"}],"about":[{"href":"https:\/\/opptica.eu\/lv\/wp-json\/wp\/v2\/types\/page"}],"author":[{"embeddable":true,"href":"https:\/\/opptica.eu\/lv\/wp-json\/wp\/v2\/users\/3"}],"replies":[{"embeddable":true,"href":"https:\/\/opptica.eu\/lv\/wp-json\/wp\/v2\/comments?post=41"}],"version-history":[{"count":0,"href":"https:\/\/opptica.eu\/lv\/wp-json\/wp\/v2\/pages\/41\/revisions"}],"wp:attachment":[{"href":"https:\/\/opptica.eu\/lv\/wp-json\/wp\/v2\/media?parent=41"}],"curies":[{"name":"wp","href":"https:\/\/api.w.org\/{rel}","templated":true}]}}