{"id":1381,"date":"2024-09-20T11:33:51","date_gmt":"2024-09-20T11:33:51","guid":{"rendered":"https:\/\/new.opptica.eu\/?page_id=1381"},"modified":"2026-02-13T16:39:31","modified_gmt":"2026-02-13T14:39:31","slug":"contact-us","status":"publish","type":"page","link":"https:\/\/opptica.eu\/lv\/contact-us\/","title":{"rendered":"Sazinieties ar mums"},"content":{"rendered":"\t\t<div data-elementor-type=\"wp-page\" data-elementor-id=\"1381\" class=\"elementor elementor-1381\">\n\t\t\t\t\t\t<section class=\"elementor-section elementor-top-section elementor-element elementor-element-0e97f8d elementor-section-height-min-height elementor-section-boxed elementor-section-height-default elementor-section-items-middle\" data-id=\"0e97f8d\" data-element_type=\"section\" data-e-type=\"section\">\n\t\t\t\t\t\t\t<div class=\"elementor-background-overlay\"><\/div>\n\t\t\t\t\t\t\t<div class=\"elementor-container elementor-column-gap-default\">\n\t\t\t\t\t<div class=\"elementor-column elementor-col-100 elementor-top-column elementor-element elementor-element-fb48fb1\" data-id=\"fb48fb1\" data-element_type=\"column\" data-e-type=\"column\">\n\t\t\t<div class=\"elementor-widget-wrap\">\n\t\t\t\t\t\t\t<\/div>\n\t\t<\/div>\n\t\t\t\t\t<\/div>\n\t\t<\/section>\n\t\t\t\t<section class=\"elementor-section elementor-top-section elementor-element elementor-element-118f20f7 elementor-section-boxed elementor-section-height-default elementor-section-height-default\" data-id=\"118f20f7\" data-element_type=\"section\" data-e-type=\"section\" data-settings=\"{&quot;background_background&quot;:&quot;classic&quot;}\">\n\t\t\t\t\t\t<div class=\"elementor-container elementor-column-gap-default\">\n\t\t\t\t\t<div class=\"elementor-column elementor-col-100 elementor-top-column elementor-element elementor-element-177845e9\" data-id=\"177845e9\" data-element_type=\"column\" data-e-type=\"column\">\n\t\t\t<div class=\"elementor-widget-wrap elementor-element-populated\">\n\t\t\t\t\t\t<div class=\"elementor-element elementor-element-c5e2ee1 elementor-widget elementor-widget-text-editor\" data-id=\"c5e2ee1\" data-element_type=\"widget\" data-e-type=\"widget\" data-widget_type=\"text-editor.default\">\n\t\t\t\t<div class=\"elementor-widget-container\">\n\t\t\t\t\t\t\t\t\t\t\t\t\t\t\t\t\t<\/div>\n\t\t\t\t<\/div>\n\t\t\t\t<div class=\"elementor-element elementor-element-226bb03 elementor-widget elementor-widget-wpforms\" data-id=\"226bb03\" data-element_type=\"widget\" data-e-type=\"widget\" data-widget_type=\"wpforms.default\">\n\t\t\t\t<div class=\"elementor-widget-container\">\n\t\t\t\t\t<style id=\"wpforms-css-vars-elementor-widget-226bb03\">\n\t\t\t\t.elementor-widget-wpforms.elementor-element-226bb03 {\n\t\t\t\t--wpforms-label-color: #385CAE;\n--wpforms-button-background-color: #385CAE;\n--wpforms-label-size-font-size: 14px;\n--wpforms-label-size-line-height: 17px;\n--wpforms-label-size-sublabel-font-size: 13px;\n--wpforms-label-size-sublabel-line-height: 16px;\n--wpforms-button-size-font-size: 20px;\n--wpforms-button-size-height: 48px;\n--wpforms-button-size-padding-h: 20px;\n--wpforms-button-size-margin-top: 15px;\n\t\t\t}\n\t\t\t<\/style><div class=\"wpforms-container wpforms-container-full wpforms-block wpforms-block-ed87ae8c-9918-4717-98a5-19c66a702f54 wpforms-render-modern\" id=\"wpforms-1335\"><form id=\"wpforms-form-1335\" class=\"wpforms-validate wpforms-form wpforms-ajax-form\" data-formid=\"1335\" method=\"post\" enctype=\"multipart\/form-data\" action=\"\/lv\/wp-json\/wp\/v2\/pages\/1381\" data-token=\"0b5edbc7082e1a1217199fc0cbbee423\" data-token-time=\"1776662071\"><noscript class=\"wpforms-error-noscript\">Please enable JavaScript in your browser to complete this form.<\/noscript><div id=\"wpforms-error-noscript\" style=\"display: none;\">Please enable JavaScript in your browser to complete this form.<\/div><div class=\"wpforms-field-container\"><div id=\"wpforms-1335-field_2-container\" class=\"wpforms-field wpforms-field-email\" data-field-id=\"2\"><label class=\"wpforms-field-label\" for=\"wpforms-1335-field_2\">E-mail <span class=\"wpforms-required-label\" aria-hidden=\"true\">*<\/span><\/label><input type=\"email\" id=\"wpforms-1335-field_2\" class=\"wpforms-field-medium wpforms-field-required\" name=\"wpforms[fields][2]\" spellcheck=\"false\" aria-errormessage=\"wpforms-1335-field_2-error\" required><\/div><div id=\"wpforms-1335-field_1-container\" class=\"wpforms-field wpforms-field-name\" data-field-id=\"1\"><fieldset><legend class=\"wpforms-field-label\">First name, Last name <span class=\"wpforms-required-label\" aria-hidden=\"true\">*<\/span><\/legend><div class=\"wpforms-field-row wpforms-field-medium\"><div class=\"wpforms-field-row-block wpforms-first wpforms-one-half\"><input type=\"text\" id=\"wpforms-1335-field_1\" class=\"wpforms-field-name-first wpforms-field-required\" name=\"wpforms[fields][1][first]\" aria-errormessage=\"wpforms-1335-field_1-error\" required><label for=\"wpforms-1335-field_1\" class=\"wpforms-field-sublabel after\">First<\/label><\/div><div class=\"wpforms-field-row-block wpforms-one-half\"><input type=\"text\" id=\"wpforms-1335-field_1-last\" class=\"wpforms-field-name-last wpforms-field-required\" name=\"wpforms[fields][1][last]\" aria-errormessage=\"wpforms-1335-field_1-last-error\" required><label for=\"wpforms-1335-field_1-last\" class=\"wpforms-field-sublabel after\">Last<\/label><\/div><\/div><\/fieldset><\/div><div id=\"wpforms-1335-field_3-container\" class=\"wpforms-field wpforms-field-select wpforms-field-select-style-classic\" data-field-id=\"3\"><label class=\"wpforms-field-label\" for=\"wpforms-1335-field_3\">What type of product are you interested in? <span class=\"wpforms-required-label\" aria-hidden=\"true\">*<\/span><\/label><select id=\"wpforms-1335-field_3\" class=\"wpforms-field-medium wpforms-field-required\" name=\"wpforms[fields][3]\" required=\"required\"><option value=\"...\"  class=\"choice-10 depth-1\"  >...<\/option><option value=\"Audiometers\/Audiometri\"  class=\"choice-11 depth-1\"  >Audiometers\/Audiometri<\/option><option value=\"ENT Diagnostic Equipment\/LOR diagnostikas iek\u0101rtas\"  class=\"choice-13 depth-1\"  >ENT Diagnostic Equipment\/LOR diagnostikas iek\u0101rtas<\/option><option value=\"Dental Equipment\/Zob\u0101rstniec\u012bbas iek\u0101rtas\"  class=\"choice-15 depth-1\"  >Dental Equipment\/Zob\u0101rstniec\u012bbas iek\u0101rtas<\/option><option value=\"Gynaecology Equipment\/Ginekolo\u0123ijas apr\u012bkojums\"  class=\"choice-16 depth-1\"  >Gynaecology Equipment\/Ginekolo\u0123ijas apr\u012bkojums<\/option><option value=\"Medic\u012bniskais vakuuma un s\u016bk\u0161anas apr\u012bkojums\/Medical Vacuum &amp; Suction Equipment\"  class=\"choice-17 depth-1\"  >Medic\u012bniskais vakuuma un s\u016bk\u0161anas apr\u012bkojums\/Medical Vacuum &amp; Suction Equipment<\/option><option value=\"Healthcare Furniture\/Medic\u012bnisk\u0101s m\u0113beles\"  class=\"choice-12 depth-1\"  >Healthcare Furniture\/Medic\u012bnisk\u0101s m\u0113beles<\/option><option value=\"Diagnostic instruments\/Diagnostikas instrumenti\"  class=\"choice-7 depth-1\"  >Diagnostic instruments\/Diagnostikas instrumenti<\/option><option value=\"Refraction devices\/Refrakcijas iek\u0101rtas\"  class=\"choice-8 depth-1\"  >Refraction devices\/Refrakcijas iek\u0101rtas<\/option><option value=\"Optical laboratory equipment\/Optikas laboratorijas piederumi\"  class=\"choice-9 depth-1\"  >Optical laboratory equipment\/Optikas laboratorijas piederumi<\/option><option value=\"Ophthalmic Laser Systems\/Oftalmolo\u0123isk\u0101s l\u0101zera sist\u0113mas\"  class=\"choice-14 depth-1\"  >Ophthalmic Laser Systems\/Oftalmolo\u0123isk\u0101s l\u0101zera sist\u0113mas<\/option><option value=\"Lenses\/L\u0113cas\"  class=\"choice-1 depth-1\"  >Lenses\/L\u0113cas<\/option><option value=\"Frames\/R\u0101mji\"  class=\"choice-2 depth-1\"  >Frames\/R\u0101mji<\/option><option value=\"Sunglasses\/Saulesbrilles\"  class=\"choice-3 depth-1\"  >Sunglasses\/Saulesbrilles<\/option><option value=\"Accessories\/Aksesu\u0101ri\"  class=\"choice-4 depth-1\"  >Accessories\/Aksesu\u0101ri<\/option><option value=\"Contact lenses\/Kontaktl\u0113cas\"  class=\"choice-5 depth-1\"  >Contact lenses\/Kontaktl\u0113cas<\/option><option value=\"Contact lens care\/Kontaktl\u0113cu kop\u0161ana\"  class=\"choice-6 depth-1\"  >Contact lens care\/Kontaktl\u0113cu kop\u0161ana<\/option><\/select><\/div>\t\t<div id=\"wpforms-1335-field_6-container\"\n\t\t\tclass=\"wpforms-field wpforms-field-text\"\n\t\t\tdata-field-type=\"text\"\n\t\t\tdata-field-id=\"6\"\n\t\t\t>\n\t\t\t<label class=\"wpforms-field-label\" for=\"wpforms-1335-field_6\" >Please of options<\/label>\n\t\t\t<input type=\"text\" id=\"wpforms-1335-field_6\" class=\"wpforms-field-medium\" name=\"wpforms[fields][6]\" >\n\t\t<\/div>\n\t\t<div id=\"wpforms-1335-field_4-container\" class=\"wpforms-field wpforms-field-select wpforms-field-select-style-classic\" data-field-id=\"4\"><label class=\"wpforms-field-label\" for=\"wpforms-1335-field_4\">Please select your professional profile from the options below <span class=\"wpforms-required-label\" aria-hidden=\"true\">*<\/span><\/label><select id=\"wpforms-1335-field_4\" class=\"wpforms-field-medium wpforms-field-required\" name=\"wpforms[fields][4]\" required=\"required\"><option value=\"...\"  class=\"choice-9 depth-1\"  >...<\/option><option value=\"Optician\/Opti\u0137is\"  class=\"choice-1 depth-1\"  >Optician\/Opti\u0137is<\/option><option value=\"Optometrists\/Optometrists\"  class=\"choice-2 depth-1\"  >Optometrists\/Optometrists<\/option><option value=\"Ophthalmologist\/Oftalmologs\"  class=\"choice-3 depth-1\"  >Ophthalmologist\/Oftalmologs<\/option><option value=\"Otolaryngologist (ENT)\/Otolaringologs (LOR)\"  class=\"choice-10 depth-1\"  >Otolaryngologist (ENT)\/Otolaringologs (LOR)<\/option><option value=\"Dentist\/Zob\u0101rsts\"  class=\"choice-11 depth-1\"  >Dentist\/Zob\u0101rsts<\/option><option value=\"Gynecologist\/Ginekologs\"  class=\"choice-12 depth-1\"  >Gynecologist\/Ginekologs<\/option><option value=\"Healthcare company representative\/Medic\u012bnas uz\u0146\u0113muma p\u0101rst\u0101vis\"  class=\"choice-7 depth-1\"  >Healthcare company representative\/Medic\u012bnas uz\u0146\u0113muma p\u0101rst\u0101vis<\/option><option value=\"Optical products distributor\/Optikas produktu izplat\u012bt\u0101js\"  class=\"choice-4 depth-1\"  >Optical products distributor\/Optikas produktu izplat\u012bt\u0101js<\/option><option value=\"Healthcare products distributor\/Vesel\u012bbas apr\u016bpes produktu izplat\u012bt\u0101js\"  class=\"choice-5 depth-1\"  >Healthcare products distributor\/Vesel\u012bbas apr\u016bpes produktu izplat\u012bt\u0101js<\/option><option value=\"Wholesaler\/Vairumtirgot\u0101js\"  class=\"choice-6 depth-1\"  >Wholesaler\/Vairumtirgot\u0101js<\/option><option value=\"Other\/Cita nozare\"  class=\"choice-8 depth-1\"  >Other\/Cita nozare<\/option><\/select><\/div><div id=\"wpforms-1335-field_5-container\" class=\"wpforms-field wpforms-field-textarea\" data-field-id=\"5\"><label class=\"wpforms-field-label\" for=\"wpforms-1335-field_5\">Your message <span class=\"wpforms-required-label\" aria-hidden=\"true\">*<\/span><\/label><textarea id=\"wpforms-1335-field_5\" class=\"wpforms-field-medium wpforms-field-required\" name=\"wpforms[fields][5]\" aria-errormessage=\"wpforms-1335-field_5-error\" required><\/textarea><\/div><script>\n\t\t\t\t( function() {\n\t\t\t\t\tconst style = document.createElement( 'style' );\n\t\t\t\t\tstyle.appendChild( document.createTextNode( '#wpforms-1335-field_6-container { position: absolute !important; overflow: hidden !important; display: inline !important; height: 1px !important; width: 1px !important; z-index: -1000 !important; padding: 0 !important; } #wpforms-1335-field_6-container input { visibility: hidden; } #wpforms-conversational-form-page #wpforms-1335-field_6-container label { counter-increment: none; }' ) );\n\t\t\t\t\tdocument.head.appendChild( style );\n\t\t\t\t\tdocument.currentScript?.remove();\n\t\t\t\t} )();\n\t\t\t<\/script><\/div><!-- .wpforms-field-container --><div class=\"wpforms-submit-container\" ><input type=\"hidden\" name=\"wpforms[id]\" value=\"1335\"><input type=\"hidden\" name=\"page_title\" value=\"\"><input type=\"hidden\" name=\"page_url\" value=\"https:\/\/opptica.eu\/lv\/wp-json\/wp\/v2\/pages\/1381\"><input type=\"hidden\" name=\"url_referer\" value=\"\"><button type=\"submit\" name=\"wpforms[submit]\" id=\"wpforms-submit-1335\" class=\"wpforms-submit\" data-alt-text=\"Sending...\" data-submit-text=\"Submit\" aria-live=\"assertive\" value=\"wpforms-submit\">Submit<\/button><img decoding=\"async\" src=\"https:\/\/opptica.eu\/wp-content\/plugins\/wpforms-lite\/assets\/images\/submit-spin.svg\" class=\"wpforms-submit-spinner\" style=\"display: none;\" width=\"26\" height=\"26\" alt=\"Loading\"><\/div><\/form><\/div>  <!-- .wpforms-container -->\t\t\t\t<\/div>\n\t\t\t\t<\/div>\n\t\t\t\t\t<\/div>\n\t\t<\/div>\n\t\t\t\t\t<\/div>\n\t\t<\/section>\n\t\t\t\t<\/div>\n\t\t","protected":false},"excerpt":{"rendered":"<p>Lai aizpild\u012btu \u0161o veidlapu, p\u0101rl\u016bk\u0101 iesp\u0113jojiet JavaScript.Lai aizpild\u012btu \u0161o veidlapu, p\u0101rl\u016bk\u0101 iesp\u0113jojiet JavaScript.E-pasts * V\u0101rds, Uzv\u0101rds * V\u0101rdsP\u0113d\u0113jais K\u0101da veida produkts ...<\/p>","protected":false},"author":3,"featured_media":0,"parent":0,"menu_order":0,"comment_status":"closed","ping_status":"closed","template":"","meta":{"footnotes":""},"class_list":["post-1381","page","type-page","status-publish","hentry"],"_links":{"self":[{"href":"https:\/\/opptica.eu\/lv\/wp-json\/wp\/v2\/pages\/1381","targetHints":{"allow":["GET"]}}],"collection":[{"href":"https:\/\/opptica.eu\/lv\/wp-json\/wp\/v2\/pages"}],"about":[{"href":"https:\/\/opptica.eu\/lv\/wp-json\/wp\/v2\/types\/page"}],"author":[{"embeddable":true,"href":"https:\/\/opptica.eu\/lv\/wp-json\/wp\/v2\/users\/3"}],"replies":[{"embeddable":true,"href":"https:\/\/opptica.eu\/lv\/wp-json\/wp\/v2\/comments?post=1381"}],"version-history":[{"count":31,"href":"https:\/\/opptica.eu\/lv\/wp-json\/wp\/v2\/pages\/1381\/revisions"}],"predecessor-version":[{"id":6760,"href":"https:\/\/opptica.eu\/lv\/wp-json\/wp\/v2\/pages\/1381\/revisions\/6760"}],"wp:attachment":[{"href":"https:\/\/opptica.eu\/lv\/wp-json\/wp\/v2\/media?parent=1381"}],"curies":[{"name":"wp","href":"https:\/\/api.w.org\/{rel}","templated":true}]}}